{"id":815,"date":"2018-03-08T10:10:25","date_gmt":"2018-03-08T10:10:25","guid":{"rendered":"http:\/\/tartak-jasien.pl\/?page_id=815"},"modified":"2018-03-12T11:14:57","modified_gmt":"2018-03-12T11:14:57","slug":"opakowania-drewniane","status":"publish","type":"page","link":"https:\/\/tartak-jasien.pl\/?page_id=815","title":{"rendered":"<h1>OPAKOWANIA DREWNIANE<\/h1>"},"content":{"rendered":"<header class=\"entry-header\">\n<h1>Opakowania drewniane<time class=\"entry-date\" datetime=\"2016-05-31T12:34:31+00:00\"><\/time><\/h1>\n<\/header>\n<div class=\"entry-content\">\n<h2>Ostkam Sp. zo o.o. stawiaj\u0105c na ci\u0105g\u0142y rozw\u00f3j zaj\u0119\u0142a si\u0119 produkcj\u0105 na du\u017c\u0105 skal\u0119 szeroko poj\u0119tych opakowa\u0144 drewnianych, s\u0105 to m. in. palety nietypowe, stojaki drewniane transportowe, stojaki drewniane drewniane, skrzynie transportowe, skrzynie eksportowe, kontenery drewniane do transportu profili, opakowania drewniane IPPC, ramy drewniane transportowe, przek\u0142adki transportowe. Wreszcie zajmujemy si\u0119 pakowaniem eksportowym bezpo\u015brednio u klienta b\u0105d\u017a w Naszym zak\u0142adzie.<\/h2>\n<h2>Poni\u017cej prezentujemy Pa\u0144stwu jeden z Naszych wyrob\u00f3w jakim s\u0105 drewniane skrzynie transportowe. Wykonujemy je pod zam\u00f3wienie na wymiar podany prze klienta. Wszystko robione jest w technologii opracowanej przez Nas b\u0105d\u017a przedstawionej przez klienta. Drewno w razie konieczno\u015bci mo\u017ce by\u0107 poddane fumigacji. Ca\u0142y proces charakteryzuje wysoka elastyczno\u015b\u0107 w podej\u015bciu do tematu, dzi\u0119ki czemu klient otrzymuje wyj\u0105tkowy produkt zgodny z jego wymogami.<\/h2>\n<div id=\"attachment_797\" class=\"wp-caption alignnone\">\n<p><a href=\"http:\/\/tartak-jasien.pl\/wp-content\/uploads\/2016\/05\/DSC03649.jpg\"><img loading=\"lazy\" decoding=\"async\" class=\"wp-image-797 size-medium\" title=\"Opakowania drewniane Warszawa\" src=\"http:\/\/tartak-jasien.pl\/wp-content\/uploads\/2016\/05\/DSC03649-300x200.jpg\" sizes=\"auto, (max-width: 300px) 100vw, 300px\" srcset=\"http:\/\/tartak-jasien.pl\/wp-content\/uploads\/2016\/05\/DSC03649-300x200.jpg 300w, http:\/\/tartak-jasien.pl\/wp-content\/uploads\/2016\/05\/DSC03649-768x512.jpg 768w, http:\/\/tartak-jasien.pl\/wp-content\/uploads\/2016\/05\/DSC03649-1024x683.jpg 1024w, http:\/\/tartak-jasien.pl\/wp-content\/uploads\/2016\/05\/DSC03649-450x300.jpg 450w\" alt=\"DSC03649\" width=\"300\" height=\"200\" \/><\/a><\/p>\n<p class=\"wp-caption-text\">Opakowania drewniane Warszawa<\/p>\n<\/div>\n<h3>Opakowania drewniane przedstawione na zdj\u0119ciach s\u0105 tylko przyk\u0142adem, w Naszej firmie nie wyst\u0119puj\u0105 szablony w zwi\u0105zku z czym jeste\u015bmy w stanie przygotowa\u0107 dowolne opakowanie. Oferujemy r\u00f3wnie\u017c pakowanie EKSPORTOWE konkretnych wyrob\u00f3w z obmiarem i wykonaniem u klienta. DZIA\u0141AMY G\u0141\u00d3WNIE NA TERENIE WOJEW\u00d3DZTW: MAZOWIECKIE, KUJAWSKO-POMORSKIE, \u0141\u00d3DZKIE, ALE W RAZIE KONIECZNO\u015aCI JESTE\u015aMY W STANIE WYKONA\u0106 US\u0141UG\u0118 PAKOWANIA, B\u0104D\u0179 DOSTARCZENIE SKRZY\u0143 NA TERENIE CA\u0141EJ POLSKI.dotyczy to r\u00f3wnie\u017c pozosta\u0142ych oferowanych przez nas produkt\u00f3w.<\/h3>\n<div id=\"attachment_798\" class=\"wp-caption alignnone\">\n<p><a href=\"http:\/\/tartak-jasien.pl\/wp-content\/uploads\/2016\/05\/DSC03648.jpg\"><img loading=\"lazy\" decoding=\"async\" class=\"size-medium wp-image-798\" src=\"http:\/\/tartak-jasien.pl\/wp-content\/uploads\/2016\/05\/DSC03648-300x200.jpg\" sizes=\"auto, (max-width: 300px) 100vw, 300px\" srcset=\"http:\/\/tartak-jasien.pl\/wp-content\/uploads\/2016\/05\/DSC03648-300x200.jpg 300w, http:\/\/tartak-jasien.pl\/wp-content\/uploads\/2016\/05\/DSC03648-768x512.jpg 768w, http:\/\/tartak-jasien.pl\/wp-content\/uploads\/2016\/05\/DSC03648-1024x683.jpg 1024w, http:\/\/tartak-jasien.pl\/wp-content\/uploads\/2016\/05\/DSC03648-450x300.jpg 450w\" alt=\"Opakowanie drewniane P\u0142ock\" width=\"300\" height=\"200\" \/><\/a><\/p>\n<p class=\"wp-caption-text\">Opakowania drewniane P\u0142ock<\/p>\n<\/div>\n<p>Obecnie przygotowujemy si\u0119 do wprowadzenia nowych produkt\u00f3w jakimi s\u0105 palety lub tak zwane siod\u0142a do transportu szpuli kablowych, oraz w dalszej perspektywie planujemy rozszerzenie produkcji o b\u0119bny kablowe.<\/p>\n<p>Jeste\u015bmy elastyczn\u0105 firm\u0105, nie boimy si\u0119 wyzwa\u0144, jeste\u015bmy otwarci na produkcj\u0119 r\u00f3\u017cnego typu opakowa\u0144. W zwi\u0105zku z powy\u017cszym nie ograniczamy mo\u017cliwo\u015bci do okre\u015blonej gamy czy zakresu r\u00f3\u017cnorodno\u015bci produkt\u00f3w. Opakowania drewniane produkowane w Naszej firmie poddawane s\u0105 ci\u0105g\u0142ym udoskonaleniom, zar\u00f3wno w procesie produkcji, kontroli jako\u015bci, jak i wprowadzania innowacyjnych zmian w Naszych produktach. Nasze produkty charakteryzuje wysoka jako\u015b\u0107 &#8211; zaopatrujemy si\u0119 w surowiec jedynie w Lasach Pa\u0144stwowych i tych nadle\u015bnictwach kt\u00f3re posiadaj\u0105 certyfikat FSC na surowiec.<\/p>\n<p>Ponadto s\u0142u\u017cymy Nasz\u0105 wiedz\u0105 i do\u015bwiadczeniem, aby finalne opakowanie spe\u0142nia\u0142o potrzeby Naszych klient\u00f3w.<\/p>\n<p>Zapraszamy do wsp\u00f3\u0142pracy!<\/p>\n<\/div>\n","protected":false},"excerpt":{"rendered":"<p>Opakowania drewniane Ostkam Sp. zo o.o. stawiaj\u0105c na ci\u0105g\u0142y rozw\u00f3j zaj\u0119\u0142a si\u0119 produkcj\u0105 na du\u017c\u0105 skal\u0119 szeroko poj\u0119tych opakowa\u0144 drewnianych, s\u0105 to m. in. palety nietypowe, stojaki drewniane transportowe, stojaki drewniane drewniane, skrzynie transportowe, skrzynie eksportowe, kontenery drewniane do transportu &hellip; <a href=\"https:\/\/tartak-jasien.pl\/?page_id=815\">Czytaj dalej <span class=\"meta-nav\">&rarr;<\/span><\/a><\/p>\n","protected":false},"author":1,"featured_media":0,"parent":0,"menu_order":0,"comment_status":"closed","ping_status":"closed","template":"","meta":{"footnotes":""},"class_list":["post-815","page","type-page","status-publish","hentry"],"_links":{"self":[{"href":"https:\/\/tartak-jasien.pl\/index.php?rest_route=\/wp\/v2\/pages\/815","targetHints":{"allow":["GET"]}}],"collection":[{"href":"https:\/\/tartak-jasien.pl\/index.php?rest_route=\/wp\/v2\/pages"}],"about":[{"href":"https:\/\/tartak-jasien.pl\/index.php?rest_route=\/wp\/v2\/types\/page"}],"author":[{"embeddable":true,"href":"https:\/\/tartak-jasien.pl\/index.php?rest_route=\/wp\/v2\/users\/1"}],"replies":[{"embeddable":true,"href":"https:\/\/tartak-jasien.pl\/index.php?rest_route=%2Fwp%2Fv2%2Fcomments&post=815"}],"version-history":[{"count":11,"href":"https:\/\/tartak-jasien.pl\/index.php?rest_route=\/wp\/v2\/pages\/815\/revisions"}],"predecessor-version":[{"id":827,"href":"https:\/\/tartak-jasien.pl\/index.php?rest_route=\/wp\/v2\/pages\/815\/revisions\/827"}],"wp:attachment":[{"href":"https:\/\/tartak-jasien.pl\/index.php?rest_route=%2Fwp%2Fv2%2Fmedia&parent=815"}],"curies":[{"name":"wp","href":"https:\/\/api.w.org\/{rel}","templated":true}]}}