{"id":411,"date":"2014-07-22T13:15:43","date_gmt":"2014-07-22T13:15:43","guid":{"rendered":"http:\/\/tartak-jasien.pl\/?page_id=411"},"modified":"2014-09-12T09:38:00","modified_gmt":"2014-09-12T09:38:00","slug":"certyfikaty-referencje","status":"publish","type":"page","link":"https:\/\/tartak-jasien.pl\/?page_id=411","title":{"rendered":"Certyfikaty <\/br>i referencje"},"content":{"rendered":"<p>Ostkam Sp. z o.o. maj\u0105c na celu zapewnienie Pa\u0144stwu najwy\u017cszej jako\u015bci wykorzystuje jedynie polski surowiec, wywodz\u0105cy si\u0119 z Nadle\u015bnictw certyfikowanych mi\u0119dzynarodowymi znakami jako\u015bci, co gwarantuje spe\u0142nienie najwy\u017cszych standard\u00f3w.<\/p>\n<p><strong>Certyfikat FSC<\/strong> jest dokumentem stwierdzaj\u0105cym zgodno\u015b\u0107 dzia\u0142a\u0144 ze standardami Dobrej Gospodarki Le\u015bnej opracowanymi przez mi\u0119dzynarodow\u0105 organizacj\u0119 Forest Stewardship Council (FSC). Po\u015bwiadcza, \u017ce lasy s\u0105 zarz\u0105dzane poprawnie na ka\u017cdym etapie \u2013 od wysiania nasion w szk\u00f3\u0142kach le\u015bnych, poprzez wszelkie zabiegi hodowlane i ochronne prowadzone w drzewostanach, do wycinki i sprzeda\u017cy drewna w\u0142\u0105cznie. Przedmiotem oceny akredytowanych audytor\u00f3w, opr\u00f3cz gospodarki le\u015bnej, s\u0105\u00a0zagadnienia z zakresu: ochrony przyrody, udost\u0119pniania las\u00f3w dla spo\u0142ecze\u0144stwa, praw pracowniczych, planowania i dokumentowania dzia\u0142alno\u015bci, relacji z lokalnym spo\u0142ecze\u0144stwem i inne.<\/p>\n<p><a href=\"http:\/\/tartak-jasien.pl\/wp-content\/uploads\/2014\/07\/certyfikat_FSC.pdf\" target=\"_blank\">Certyfikat FSC<\/a><\/p>\n<p><strong>PEFC (Programme for the Endorsement of Forest Certification)<\/strong> jest pozarz\u0105dow\u0105, niezale\u017cn\u0105, mi\u0119dzynarodow\u0105 organizacj\u0105 non-profit, kt\u00f3ra zosta\u0142a za\u0142o\u017cona w 1999 r. przez 11 narodowych organizacji PEFC z kraj\u00f3w europejskich. G\u0142\u00f3wnym celemjej powo\u0142ania jest promocja zr\u00f3wnowa\u017conej gospodarki le\u015bnej poprzez procesy certyfikacyjne wykonywane przez niezale\u017cne, wyspecjalizowane jednostki. Dot\u0105d certyfikacji PEFC poddano ponad 200 mln ha las\u00f3w na \u015bwiecie.<\/p>\n<p><a href=\"http:\/\/tartak-jasien.pl\/wp-content\/uploads\/2014\/07\/certyfikat_PEFC.pdf\" target=\"_blank\">Certyfikat PEFC<\/a><\/p>\n","protected":false},"excerpt":{"rendered":"<p>Ostkam Sp. z o.o. maj\u0105c na celu zapewnienie Pa\u0144stwu najwy\u017cszej jako\u015bci wykorzystuje jedynie polski surowiec, wywodz\u0105cy si\u0119 z Nadle\u015bnictw certyfikowanych mi\u0119dzynarodowymi znakami jako\u015bci, co gwarantuje spe\u0142nienie najwy\u017cszych standard\u00f3w. Certyfikat FSC jest dokumentem stwierdzaj\u0105cym zgodno\u015b\u0107 dzia\u0142a\u0144 ze standardami Dobrej Gospodarki Le\u015bnej &hellip; <a href=\"https:\/\/tartak-jasien.pl\/?page_id=411\">Czytaj dalej <span class=\"meta-nav\">&rarr;<\/span><\/a><\/p>\n","protected":false},"author":1,"featured_media":0,"parent":0,"menu_order":0,"comment_status":"closed","ping_status":"closed","template":"","meta":{"footnotes":""},"class_list":["post-411","page","type-page","status-publish","hentry"],"_links":{"self":[{"href":"https:\/\/tartak-jasien.pl\/index.php?rest_route=\/wp\/v2\/pages\/411","targetHints":{"allow":["GET"]}}],"collection":[{"href":"https:\/\/tartak-jasien.pl\/index.php?rest_route=\/wp\/v2\/pages"}],"about":[{"href":"https:\/\/tartak-jasien.pl\/index.php?rest_route=\/wp\/v2\/types\/page"}],"author":[{"embeddable":true,"href":"https:\/\/tartak-jasien.pl\/index.php?rest_route=\/wp\/v2\/users\/1"}],"replies":[{"embeddable":true,"href":"https:\/\/tartak-jasien.pl\/index.php?rest_route=%2Fwp%2Fv2%2Fcomments&post=411"}],"version-history":[{"count":6,"href":"https:\/\/tartak-jasien.pl\/index.php?rest_route=\/wp\/v2\/pages\/411\/revisions"}],"predecessor-version":[{"id":566,"href":"https:\/\/tartak-jasien.pl\/index.php?rest_route=\/wp\/v2\/pages\/411\/revisions\/566"}],"wp:attachment":[{"href":"https:\/\/tartak-jasien.pl\/index.php?rest_route=%2Fwp%2Fv2%2Fmedia&parent=411"}],"curies":[{"name":"wp","href":"https:\/\/api.w.org\/{rel}","templated":true}]}}