{"id":360,"date":"2014-07-22T10:34:50","date_gmt":"2014-07-22T10:34:50","guid":{"rendered":"http:\/\/tartak-jasien.pl\/?page_id=360"},"modified":"2015-06-18T14:44:14","modified_gmt":"2015-06-18T14:44:14","slug":"dachy","status":"publish","type":"page","link":"https:\/\/tartak-jasien.pl\/?page_id=360","title":{"rendered":"<h1>Dachy<\/h1>"},"content":{"rendered":"<p style=\"text-align: justify;\">Oferujemy Pa\u0144stwu kompleksow\u0105 us\u0142ug\u0119 monta\u017cu dachu wraz z materia\u0142em. Nasze dachy to gwarancja solidno\u015bci i bezpiecze\u0144stwa na d\u0142ugie lata. Ju\u017c na etapie zakupu surowca Naszym nadrz\u0119dnym celem jest najwy\u017cszy jako\u015bciowo produkt. Przygotowuj\u0105c materia\u0142 konstrukcyjny stosujemy wy\u0142\u0105cznie drewno z Mazur, dzi\u0119ki czemu \u017cywotno\u015b\u0107 Pa\u0144stwa dachu znacznie si\u0119 wyd\u0142u\u017cy. Nasza kompleksowa us\u0142uga sprawia, i\u017c odpowiedzialno\u015b\u0107 za prawid\u0142owe wykonanie dachu nie &#8222;rozp\u0142ywa si\u0119&#8221;, a Pa\u0144stwo maj\u0105 pewno\u015b\u0107, \u017ce wszystko od pocz\u0105tku do ko\u0144ca b\u0119dzie wykonane zgodnie z najwy\u017csyzmi standardami<\/p>\n<p style=\"text-align: justify;\"><a href=\"http:\/\/tartak-jasien.pl\/wp-content\/uploads\/2014\/07\/3.jpg\"><img loading=\"lazy\" decoding=\"async\" class=\"alignnone wp-image-481 size-full\" title=\"Dachy - Ostkam Sp. z o.o.\" src=\"http:\/\/tartak-jasien.pl\/wp-content\/uploads\/2014\/07\/3.jpg\" alt=\"Dachy - Ostkam Sp. z o.o. \" width=\"900\" height=\"600\" srcset=\"https:\/\/tartak-jasien.pl\/wp-content\/uploads\/2014\/07\/3.jpg 900w, https:\/\/tartak-jasien.pl\/wp-content\/uploads\/2014\/07\/3-300x200.jpg 300w, https:\/\/tartak-jasien.pl\/wp-content\/uploads\/2014\/07\/3-450x300.jpg 450w, https:\/\/tartak-jasien.pl\/wp-content\/uploads\/2014\/07\/3-120x80.jpg 120w\" sizes=\"auto, (max-width: 900px) 100vw, 900px\" \/><\/a><\/p>\n<h2>DACHY Z JASIENIA GWARANTUJ\u0104 BEZPIECZE\u0143STWO<\/h2>\n<p style=\"text-align: justify;\">Firma Ostkam Sp. z o.o. produkuje swoje wyroby tylko z certyfikowanego surowca dostarczanego przez Lasy Pa\u0144stwowe, dzi\u0119ki czemu maj\u0105 Pa\u0144stwo pewno\u015b\u0107, \u017ce drewno spe\u0142nia normy przeznaczonego na konstrukcje. Nigdy nie oszcz\u0119dzamy na materiale przez co wykonane przez Nas dachy s\u0105 solidne i zdolne przetrzyma\u0107 nawet najwi\u0119ksze wichury. Nasze pokrycia dachowe pochodz\u0105 od sprawdzonych producent\u00f3w, z kt\u00f3rymi wsp\u00f3\u0142pracujemy od wielu lat, a kt\u00f3rych oferujemy wy\u0142\u0105cznie przez wzgl\u0105d na zachowanie przez lata najwy\u017cszych standard\u00f3w wyrobu pokry\u0107 dachowych. Ostatnim czynnikiem sprawiaj\u0105cym, i\u017c warto powierzy\u0107 Nam monta\u017c kompletnego dachu jest fachowy zesp\u00f3\u0142 wykonawc\u00f3w, kt\u00f3rzy zadbaj\u0105 o ka\u017cdy szczeg\u00f3\u0142, aby mogli Pa\u0144stwo by\u0107 zadowoleni i czu\u0107 sie bezpiecznie przez d\u0142ugie lata.<\/p>\n<h3><strong><span style=\"font-family: times new roman,times; font-size: 12pt;\">Dachy &#8211; rodzaje pokrycia<\/span><\/strong><\/h3>\n<p style=\"text-align: justify;\">Oferujemy Pa\u0144stwu szerok\u0105 wariacj\u0119 pokryc dachowych od lekkich blachodach\u00f3wek, poprzez biutmiczne gonty po masywne i solidne dach\u00f3wki. W ofercie mamy szerok\u0105 gam\u0119 pokry\u0107 dachowych: blachodach\u00f3wki szwedzkie i polskie \u2013 Plannja, Finco i Pruszy\u0144ski, dach\u00f3wki ceramiczne i betonowe \u2013 Tondach, Benders, gonty \u2013 Technonicol, oraz orynnowania stalowe i PVC, dzi\u0119ki czemu ka\u017cdy z Pa\u0144stwa wybierze najwy\u017cszej jako\u015bci pokrycie, kt\u00f3re b\u0119dzie zgodne z w\u0142asnym gustem. Natomiast\u00a0 profesjonalny monta\u017c, sprawi \u017ce dach stanie si\u0119 ozdob\u0105 Pa\u0144stwa domu.\u00a0\u00a0 W ca\u0142ym procesie monta\u017cu dachu s\u0142u\u017cymy pomoc\u0105 w zakresie wyboru pokrycia i spraw technicznych.<\/p>\n<h1 style=\"text-align: left;\"><a href=\"http:\/\/tartak-jasien.pl\/wp-content\/uploads\/2013\/08\/20.jpg\"><img loading=\"lazy\" decoding=\"async\" class=\"alignnone wp-image-168 size-full\" src=\"http:\/\/tartak-jasien.pl\/wp-content\/uploads\/2013\/08\/20.jpg\" alt=\"Pokrycia dachowe\" width=\"584\" height=\"457\" srcset=\"https:\/\/tartak-jasien.pl\/wp-content\/uploads\/2013\/08\/20.jpg 584w, https:\/\/tartak-jasien.pl\/wp-content\/uploads\/2013\/08\/20-300x234.jpg 300w, https:\/\/tartak-jasien.pl\/wp-content\/uploads\/2013\/08\/20-383x300.jpg 383w\" sizes=\"auto, (max-width: 584px) 100vw, 584px\" \/><\/a>\u00a0Oferujemy pokrycia<\/h1>\n<h2 style=\"text-align: left;\">Pokrycia dachowe Dach\u00f3wk\u0105:<\/h2>\n<ul style=\"text-align: left;\">\n<li><a href=\"http:\/\/www.tondach.pl\/pdf\/Dachowki_TONDACH_A4.pdf\" target=\"_blank\">Dach\u00f3wka Tondach<\/a> &#8211; <a href=\"http:\/\/www.tondach.pl\/pdf\/Informacje_o_wyrobach.pdf\" target=\"_blank\">dane techniczne<\/a><\/li>\n<li><a href=\"http:\/\/www.bauart.pl\/images\/stories\/Katalog_2009.pdf\" target=\"_blank\">Dach\u00f3wka Benders<\/a> &#8211; <a href=\"http:\/\/issuu.com\/benders\/docs\/produktliste_2013?mode=window&amp;viewMode=doublePage \" target=\"_blank\">dane techniczne<\/a><\/li>\n<\/ul>\n<h2 style=\"text-align: left;\">Pokrycia dachowe Blachodach\u00f3wk\u0105:<\/h2>\n<ul>\n<li style=\"text-align: left;\"><a href=\"www.pruszynski.com.pl\/download.php?file=c6d43571ba39.pdf\">Blachodach\u00f3wka Pruszy\u0144ski<\/a><\/li>\n<li style=\"text-align: left;\"><a href=\"http:\/\/www.fincostal.com.pl\/pdf\/folder_fincostal.pdf\" target=\"_blank\">Blachodach\u00f3wka FINCO<\/a><\/li>\n<li style=\"text-align: left;\"><a href=\"http:\/\/e-plannja.net\/pliki\/Katalog_Inspiracje_2012.pdf\">Blachodach\u00f3wka Plannja<\/a><\/li>\n<li style=\"text-align: left;\"><span style=\"line-height: 15px;\">Pokrycia bitumiczne Technonicol<br \/>\n<\/span><\/li>\n<\/ul>\n","protected":false},"excerpt":{"rendered":"<p>Oferujemy Pa\u0144stwu kompleksow\u0105 us\u0142ug\u0119 monta\u017cu dachu wraz z materia\u0142em. Nasze dachy to gwarancja solidno\u015bci i bezpiecze\u0144stwa na d\u0142ugie lata. Ju\u017c na etapie zakupu surowca Naszym nadrz\u0119dnym celem jest najwy\u017cszy jako\u015bciowo produkt. Przygotowuj\u0105c materia\u0142 konstrukcyjny stosujemy wy\u0142\u0105cznie drewno z Mazur, dzi\u0119ki &hellip; <a href=\"https:\/\/tartak-jasien.pl\/?page_id=360\">Czytaj dalej <span class=\"meta-nav\">&rarr;<\/span><\/a><\/p>\n","protected":false},"author":1,"featured_media":0,"parent":354,"menu_order":0,"comment_status":"closed","ping_status":"closed","template":"sidebar-page.php","meta":{"footnotes":""},"class_list":["post-360","page","type-page","status-publish","hentry"],"_links":{"self":[{"href":"https:\/\/tartak-jasien.pl\/index.php?rest_route=\/wp\/v2\/pages\/360","targetHints":{"allow":["GET"]}}],"collection":[{"href":"https:\/\/tartak-jasien.pl\/index.php?rest_route=\/wp\/v2\/pages"}],"about":[{"href":"https:\/\/tartak-jasien.pl\/index.php?rest_route=\/wp\/v2\/types\/page"}],"author":[{"embeddable":true,"href":"https:\/\/tartak-jasien.pl\/index.php?rest_route=\/wp\/v2\/users\/1"}],"replies":[{"embeddable":true,"href":"https:\/\/tartak-jasien.pl\/index.php?rest_route=%2Fwp%2Fv2%2Fcomments&post=360"}],"version-history":[{"count":13,"href":"https:\/\/tartak-jasien.pl\/index.php?rest_route=\/wp\/v2\/pages\/360\/revisions"}],"predecessor-version":[{"id":743,"href":"https:\/\/tartak-jasien.pl\/index.php?rest_route=\/wp\/v2\/pages\/360\/revisions\/743"}],"up":[{"embeddable":true,"href":"https:\/\/tartak-jasien.pl\/index.php?rest_route=\/wp\/v2\/pages\/354"}],"wp:attachment":[{"href":"https:\/\/tartak-jasien.pl\/index.php?rest_route=%2Fwp%2Fv2%2Fmedia&parent=360"}],"curies":[{"name":"wp","href":"https:\/\/api.w.org\/{rel}","templated":true}]}}