{"id":358,"date":"2014-07-22T10:34:15","date_gmt":"2014-07-22T10:34:15","guid":{"rendered":"http:\/\/tartak-jasien.pl\/?page_id=358"},"modified":"2014-10-14T09:29:37","modified_gmt":"2014-10-14T09:29:37","slug":"domy-drewniane","status":"publish","type":"page","link":"https:\/\/tartak-jasien.pl\/?page_id=358","title":{"rendered":"Domy drewniane"},"content":{"rendered":"<p style=\"text-align: justify;\">Nasza firma zajmuje si\u0119 budow\u0105 dom\u00f3w z drewna od ponad dekady. Budujemy domy w technologii szkieletowej,\u00a0 bala oraz imitacji bala. Zajmujemy si\u0119 kompleksow\u0105 us\u0142ug\u0105 od projektu po wyko\u0144czenie. Stawiamy na jako\u015b\u0107 produktu \u2013 do wykonania materia\u0142u stosujemy tylko surowiec z Las\u00f3w Mazurskich charakteryzuj\u0105cy si\u0119 znacznie d\u0142u\u017csz\u0105 \u017cywotno\u015bci\u0105.<\/p>\n<p><a href=\"http:\/\/tartak-jasien.pl\/wp-content\/uploads\/2014\/07\/DSC002661.jpg\"><img loading=\"lazy\" decoding=\"async\" class=\"alignnone size-full wp-image-479\" src=\"http:\/\/tartak-jasien.pl\/wp-content\/uploads\/2014\/07\/DSC002661.jpg\" alt=\"DSC00266\" width=\"900\" height=\"563\" srcset=\"https:\/\/tartak-jasien.pl\/wp-content\/uploads\/2014\/07\/DSC002661.jpg 900w, https:\/\/tartak-jasien.pl\/wp-content\/uploads\/2014\/07\/DSC002661-300x187.jpg 300w, https:\/\/tartak-jasien.pl\/wp-content\/uploads\/2014\/07\/DSC002661-479x300.jpg 479w\" sizes=\"auto, (max-width: 900px) 100vw, 900px\" \/><\/a><\/p>\n<p style=\"text-align: justify;\">Nawi\u0105zuj\u0105c z nami wsp\u00f3\u0142prac\u0119 unikn\u0105 Pa\u0144stwo zb\u0119dnych po\u015brednik\u00f3w, maj\u0105c produkt z pierwszej r\u0119ki.\u00a0 Nasze wieloletnie do\u015bwiadczenie pozwoli Pa\u0144stwu unikn\u0105\u0107 nieprzyjemnych sytuacji i spokojnie patrze\u0107 jak Pa\u0144stwa marzenia z dnia na dzie\u0144 nabieraj\u0105 kszta\u0142tu.<\/p>\n<p>&nbsp;<\/p>\n","protected":false},"excerpt":{"rendered":"<p>Nasza firma zajmuje si\u0119 budow\u0105 dom\u00f3w z drewna od ponad dekady. Budujemy domy w technologii szkieletowej,\u00a0 bala oraz imitacji bala. Zajmujemy si\u0119 kompleksow\u0105 us\u0142ug\u0105 od projektu po wyko\u0144czenie. Stawiamy na jako\u015b\u0107 produktu \u2013 do wykonania materia\u0142u stosujemy tylko surowiec z &hellip; <a href=\"https:\/\/tartak-jasien.pl\/?page_id=358\">Czytaj dalej <span class=\"meta-nav\">&rarr;<\/span><\/a><\/p>\n","protected":false},"author":1,"featured_media":0,"parent":354,"menu_order":0,"comment_status":"closed","ping_status":"closed","template":"sidebar-page.php","meta":{"footnotes":""},"class_list":["post-358","page","type-page","status-publish","hentry"],"_links":{"self":[{"href":"https:\/\/tartak-jasien.pl\/index.php?rest_route=\/wp\/v2\/pages\/358","targetHints":{"allow":["GET"]}}],"collection":[{"href":"https:\/\/tartak-jasien.pl\/index.php?rest_route=\/wp\/v2\/pages"}],"about":[{"href":"https:\/\/tartak-jasien.pl\/index.php?rest_route=\/wp\/v2\/types\/page"}],"author":[{"embeddable":true,"href":"https:\/\/tartak-jasien.pl\/index.php?rest_route=\/wp\/v2\/users\/1"}],"replies":[{"embeddable":true,"href":"https:\/\/tartak-jasien.pl\/index.php?rest_route=%2Fwp%2Fv2%2Fcomments&post=358"}],"version-history":[{"count":3,"href":"https:\/\/tartak-jasien.pl\/index.php?rest_route=\/wp\/v2\/pages\/358\/revisions"}],"predecessor-version":[{"id":480,"href":"https:\/\/tartak-jasien.pl\/index.php?rest_route=\/wp\/v2\/pages\/358\/revisions\/480"}],"up":[{"embeddable":true,"href":"https:\/\/tartak-jasien.pl\/index.php?rest_route=\/wp\/v2\/pages\/354"}],"wp:attachment":[{"href":"https:\/\/tartak-jasien.pl\/index.php?rest_route=%2Fwp%2Fv2%2Fmedia&parent=358"}],"curies":[{"name":"wp","href":"https:\/\/api.w.org\/{rel}","templated":true}]}}