{"id":2,"date":"2013-06-18T10:03:25","date_gmt":"2013-06-18T10:03:25","guid":{"rendered":"http:\/\/tartak-jasien.pl\/?page_id=2"},"modified":"2025-01-16T09:39:29","modified_gmt":"2025-01-16T09:39:29","slug":"tartak-jasien-ostkam-sp-o-o","status":"publish","type":"page","link":"https:\/\/tartak-jasien.pl\/","title":{"rendered":"<h1>Tartak Jasie\u0144 Ostkam Sp. z o.o.<\/h1>"},"content":{"rendered":"<h2><b>Zapraszamy na now\u0105 stron\u0119 internetow\u0105<\/b><\/h2>\n<p><span style=\"font-weight: 400;\">Z przyjemno\u015bci\u0105 informujemy, \u017ce uruchomili\u015bmy now\u0105 stron\u0119 internetow\u0105, kt\u00f3ra powsta\u0142a z my\u015bl\u0105 o jeszcze lepszym prezentowaniu naszej oferty i u\u0142atwieniu kontaktu z klientami. Znajdziesz tam szczeg\u00f3\u0142owe informacje o naszych produktach, takich jak <\/span><a href=\"https:\/\/ostkam.pl\/opakowania-drewniane\/\"><b>opakowania transportowe<\/b><\/a><span style=\"font-weight: 400;\"> i inne <\/span><b>opakowania z drewna<\/b><span style=\"font-weight: 400;\">, kt\u00f3re od lat ciesz\u0105 si\u0119 zaufaniem firm z r\u00f3\u017cnych bran\u017c. Strona zosta\u0142a zaprojektowana w spos\u00f3b intuicyjny, dzi\u0119ki czemu szybko odnajdziesz interesuj\u0105ce Ci\u0119 produkty i us\u0142ugi.<\/span><\/p>\n<p><span style=\"font-weight: 400;\">Serdecznie zapraszamy do odwiedzenia naszej strony internetowej <\/span><strong><a href=\"http:\/\/ostkam.pl\">ostkam.pl<\/a><\/strong><span style=\"font-weight: 400;\">, gdzie czekaj\u0105 na Ciebie szczeg\u00f3\u0142y naszej oferty, inspiracje oraz mo\u017cliwo\u015b\u0107 kontaktu z naszym zespo\u0142em. Zobacz, jak nasze skrzynie transportowe mog\u0105 wspiera\u0107 Tw\u00f3j biznes i zapewni\u0107 bezpiecze\u0144stwo Twoim produktom!<\/span><\/p>\n<p style=\"text-align: justify;\">\n<p>Tartak Jasie\u0144 &#8211; Ostkam Sp. z o.o. \u015bwiadczy us\u0142ugi w zakresie produkcji drewna konstrukcyjnego, sprzeda\u017cy pokry\u0107 dachowych, monta\u017cu dach\u00f3w, budowy dom\u00f3w w stanie surowym oraz pod klucz. W ramach naszej dzia\u0142alno\u015bci zajmujemy si\u0119 r\u00f3wnie\u017c wykonywaniem projekt\u00f3w, nadzorem oraz kosztorysowaniem. Bierzemy pe\u0142n\u0105 odpowiedzialno\u015b\u0107 za powierzone Nam zadanie, a wykonanie go od pocz\u0105tku do ko\u0144ca przez naszych fachowc\u00f3w gwarantuje Pa\u0144stwu bezpiecze\u0144stwo i komfort spe\u0142nienia marze\u0144 o w\u0142asnym domu bez zb\u0119dnego stresu i anga\u017cowania w\u0142asnego czasu.<\/p>\n<h2>Pocz\u0105tki dzia\u0142alno\u015bci &#8211; Tartak Jasie\u0144<\/h2>\n<p style=\"text-align: justify;\">Historia Naszej firmy rozpoczyna si\u0119 w 1995 roku od powstania tartaku w Jasieniu \u015bwiadcz\u0105cego us\u0142ugi produkcji materia\u0142\u00f3w drzewnych. Od tego momentu firma rozpocz\u0119\u0142a nieprzerwany rozw\u00f3j, opieraj\u0105c si\u0119 zapa\u015bci bran\u017cy pod koniec lat 90. XX wieku jak i kryzysowi 2007 roku. Systematyczny rozw\u00f3j pozwoli\u0142 Nam opanowa\u0107 do perfekcji produkcj\u0119 wyrob\u00f3w z drewna, nieprzerwanie przy tym rozwijaj\u0105c zakres oferowanych produkt\u00f3w. Obecnie oferujemy szerok\u0105 wariacj\u0119 produkt\u00f3w, kt\u00f3r\u0105 ogranicza jedynie wyobra\u017ania klient\u00f3w. W\u015br\u00f3d produkt\u00f3w drzewnych Tartak Jasie\u0144 Ostkam Sp. z o.o. oferuje: wi\u0119\u017aby dachowe, \u0142aty, kontr\u0142aty, desk\u0119 szalunkow\u0105, desk\u0119 wymiarow\u0105, desk\u0119 bezs\u0119czn\u0105, desk\u0119 tarasow\u0105, drewno strugane, drewno suszone, drewno klejone, sztachety, sto\u0142y, domy z drewna, altany, donice ogrodowe, stela\u017ce pod hamak z drewna klejonego gi\u0119tego, desk\u0119 elewacyjn\u0105, desk\u0119 boazeryjn\u0105, drewutnie, tarasy drewniane i wiele, wiele innych.<\/p>\n<h3><strong>Tartak Jasie\u0144 Ostkam Sp. z o.o. &#8211; rozw\u00f3j<\/strong><\/h3>\n<p style=\"text-align: justify;\">W toku rozwoju Naszej dzia\u0142alno\u015bci w bran\u017cy drzewnej unaoczni\u0142a si\u0119 konieczno\u015b\u0107 wyj\u015bcia naprzeciw oczekiwaniom klient\u00f3w, i rozwini\u0119cia cz\u0119\u015bci budowlanej Naszej firmy, aby opr\u00f3cz najwy\u017cszej jako\u015bci wyrobu z drewna klient m\u00f3g\u0142 r\u00f3wnie\u017c otrzyma\u0107 najwy\u017cszej jako\u015bci wykonanie. Na pocz\u0105tku XXI wieku rozpocz\u0119li\u015bmy od monta\u017cu kompletnych dach\u00f3w i budowy dom\u00f3w z drewna. Jednocze\u015bnie do\u0142\u0105czyli\u015bmy do oferty pokrycia dachowe, okna po\u0142aciowe i okna elewacyjne. W kolejnym etapie Tartak Jasie\u0144 Ostkam Sp. z o.o. zaj\u0119\u0142a si\u0119 budow\u0105 kompleksow\u0105 budow\u0105 dom\u00f3w murowanych od projektu, poprzez budow\u0119, a\u017c po wyko\u0144czenie, a tak\u017ce taras\u00f3w drewnianych i architektury ogrodowej. Kolejnym przedsi\u0119wzi\u0119ciem by\u0142o otwarcie oddzia\u0142u firmy w S\u0142upnie ko\u0142o P\u0142ocka. Jednocze\u015bnie rozszerzyli\u015bmy ofert\u0119 o produkcj\u0119 okien drewnianych, palet i stojak\u00f3w do transportu oraz drewno kominkowe.<\/p>\n<p style=\"text-align: justify;\">Tartak Jasie\u0144 Ostkam Sp. z o.o. to nowoczesna, innowacyjna firma stawiaj\u0105ca na jak najwy\u017csz\u0105 jako\u015b\u0107 oferowanych produkt\u00f3w i us\u0142ug. Naszym nadrz\u0119dnym celem jest satysfakcja klienta z otrzymanego produktu i wykonanej us\u0142ugi, czemu staramy si\u0119 sprosta\u0107 ci\u0105g\u0142ym ulepszaniem Naszego zak\u0142adu, wsp\u00f3\u0142prac\u0105 z najlepszymi producentami i utrzymywaniem sta\u0142ej za\u0142ogi.<\/p>\n<p>[easingsliderlite]<\/p>\n<h2><strong>Aktualne Promocje:<\/strong><\/h2>\n<ul>\n<li style=\"list-style-type: none;\">\n<ul>\n<li>Wi\u0119\u017aba dachowa<\/li>\n<li>Deska tarasowa modrzew<\/li>\n<li>Blacha trapezowa T-18 \u00a0gr. 0,4<\/li>\n<li>Blachodach\u00f3wka FINCO VEGA 400\/20<\/li>\n<li>Blachodach\u00f3wka Pruszy\u0144ski ARAD 350\/25<\/li>\n<\/ul>\n<\/li>\n<\/ul>\n<p><img loading=\"lazy\" decoding=\"async\" class=\"wp-image-575 size-full\" title=\"Logos\" src=\"http:\/\/tartak-jasien.pl\/wp-content\/uploads\/2013\/06\/Logo.jpg\" alt=\"Logo Tartak - Jasie\u0144 i P\u0142ock\" width=\"200\" height=\"200\" border=\"0\" srcset=\"https:\/\/tartak-jasien.pl\/wp-content\/uploads\/2013\/06\/Logo.jpg 200w, https:\/\/tartak-jasien.pl\/wp-content\/uploads\/2013\/06\/Logo-150x150.jpg 150w, https:\/\/tartak-jasien.pl\/wp-content\/uploads\/2013\/06\/Logo-115x115.jpg 115w\" sizes=\"auto, (max-width: 200px) 100vw, 200px\" \/><\/p>\n","protected":false},"excerpt":{"rendered":"<p>Zapraszamy na now\u0105 stron\u0119 internetow\u0105 Z przyjemno\u015bci\u0105 informujemy, \u017ce uruchomili\u015bmy now\u0105 stron\u0119 internetow\u0105, kt\u00f3ra powsta\u0142a z my\u015bl\u0105 o jeszcze lepszym prezentowaniu naszej oferty i u\u0142atwieniu kontaktu z klientami. Znajdziesz tam szczeg\u00f3\u0142owe informacje o naszych produktach, takich jak opakowania transportowe i &hellip; <a href=\"https:\/\/tartak-jasien.pl\/\">Czytaj dalej <span class=\"meta-nav\">&rarr;<\/span><\/a><\/p>\n","protected":false},"author":1,"featured_media":0,"parent":0,"menu_order":0,"comment_status":"closed","ping_status":"closed","template":"","meta":{"footnotes":""},"class_list":["post-2","page","type-page","status-publish","hentry"],"_links":{"self":[{"href":"https:\/\/tartak-jasien.pl\/index.php?rest_route=\/wp\/v2\/pages\/2","targetHints":{"allow":["GET"]}}],"collection":[{"href":"https:\/\/tartak-jasien.pl\/index.php?rest_route=\/wp\/v2\/pages"}],"about":[{"href":"https:\/\/tartak-jasien.pl\/index.php?rest_route=\/wp\/v2\/types\/page"}],"author":[{"embeddable":true,"href":"https:\/\/tartak-jasien.pl\/index.php?rest_route=\/wp\/v2\/users\/1"}],"replies":[{"embeddable":true,"href":"https:\/\/tartak-jasien.pl\/index.php?rest_route=%2Fwp%2Fv2%2Fcomments&post=2"}],"version-history":[{"count":51,"href":"https:\/\/tartak-jasien.pl\/index.php?rest_route=\/wp\/v2\/pages\/2\/revisions"}],"predecessor-version":[{"id":838,"href":"https:\/\/tartak-jasien.pl\/index.php?rest_route=\/wp\/v2\/pages\/2\/revisions\/838"}],"wp:attachment":[{"href":"https:\/\/tartak-jasien.pl\/index.php?rest_route=%2Fwp%2Fv2%2Fmedia&parent=2"}],"curies":[{"name":"wp","href":"https:\/\/api.w.org\/{rel}","templated":true}]}}